{"id":5565,"date":"2022-09-16T10:13:12","date_gmt":"2022-09-16T08:13:12","guid":{"rendered":"https:\/\/johann.two.testovaciverze.cz\/practical-information\/interview-with-jan-plechac\/"},"modified":"2022-11-04T15:16:32","modified_gmt":"2022-11-04T14:16:32","slug":"interview-with-jan-plechac","status":"publish","type":"page","link":"https:\/\/johann.two.testovaciverze.cz\/en\/collaboration\/interview-with-jan-plechac\/","title":{"rendered":"Interview with Jan Plech\u00e1\u010d"},"content":{"rendered":"\t\t<div data-elementor-type=\"wp-page\" data-elementor-id=\"5565\" class=\"elementor elementor-5565 elementor-3720\" data-elementor-post-type=\"page\">\n\t\t\t\t<div data-dce-background-image-url=\"https:\/\/johann.two.testovaciverze.cz\/wp-content\/uploads\/2022\/09\/bg_top.jpg\" class=\"elementor-element elementor-element-739084a6 e-con-full e-flex e-con e-parent\" data-id=\"739084a6\" data-element_type=\"container\" data-e-type=\"container\" data-settings=\"{&quot;background_background&quot;:&quot;classic&quot;}\">\n\t\t<div class=\"elementor-element elementor-element-47d59867 e-con-full e-flex e-con e-parent\" data-id=\"47d59867\" data-element_type=\"container\" data-e-type=\"container\" data-settings=\"{&quot;background_background&quot;:&quot;classic&quot;}\">\n\t\t<div class=\"elementor-element elementor-element-44b37cbc e-con-full e-flex e-con e-parent\" data-id=\"44b37cbc\" data-element_type=\"container\" data-e-type=\"container\">\n\t\t\t\t<div class=\"elementor-element elementor-element-508758f5 elementor-widget-mobile__width-initial elementor-widget elementor-widget-heading\" data-id=\"508758f5\" data-element_type=\"widget\" data-e-type=\"widget\" data-widget_type=\"heading.default\">\n\t\t\t\t<div class=\"elementor-widget-container\">\n\t\t\t\t\t<h1 class=\"elementor-heading-title elementor-size-default\">INTERVIEW WITH JAN PLECH\u00c1\u010c<\/h1>\t\t\t\t<\/div>\n\t\t\t\t<\/div>\n\t\t\t\t<\/div>\n\t\t\t\t<div class=\"elementor-element elementor-element-73e3354 elementor-widget-divider--view-line elementor-widget elementor-widget-divider\" data-id=\"73e3354\" data-element_type=\"widget\" data-e-type=\"widget\" data-widget_type=\"divider.default\">\n\t\t\t\t<div class=\"elementor-widget-container\">\n\t\t\t\t\t\t\t<div class=\"elementor-divider\">\n\t\t\t<span class=\"elementor-divider-separator\">\n\t\t\t\t\t\t<\/span>\n\t\t<\/div>\n\t\t\t\t\t\t<\/div>\n\t\t\t\t<\/div>\n\t\t\t\t<div class=\"elementor-element elementor-element-64c859c7 elementor-widget__width-initial elementor-widget elementor-widget-heading\" data-id=\"64c859c7\" data-element_type=\"widget\" data-e-type=\"widget\" data-widget_type=\"heading.default\">\n\t\t\t\t<div class=\"elementor-widget-container\">\n\t\t\t\t\t<span class=\"elementor-heading-title elementor-size-default\">It was a challenge, but we created<br> a material thing that is chic, says the designer<br> of the new continental bed<\/span>\t\t\t\t<\/div>\n\t\t\t\t<\/div>\n\t\t\t\t<div data-dce-background-color=\"#A28B65\" class=\"elementor-element elementor-element-1b9026b custom-btn elementor-widget__width-auto elementor-widget elementor-widget-button\" data-id=\"1b9026b\" data-element_type=\"widget\" data-e-type=\"widget\" data-widget_type=\"button.default\">\n\t\t\t\t<div class=\"elementor-widget-container\">\n\t\t\t\t\t\t\t\t\t<div class=\"elementor-button-wrapper\">\n\t\t\t\t\t<a class=\"elementor-button elementor-button-link elementor-size-md\" href=\"#uvod\">\n\t\t\t\t\t\t<span class=\"elementor-button-content-wrapper\">\n\t\t\t\t\t\t\t\t\t<span class=\"elementor-button-text\">Continue<\/span>\n\t\t\t\t\t<\/span>\n\t\t\t\t\t<\/a>\n\t\t\t\t<\/div>\n\t\t\t\t\t\t\t\t<\/div>\n\t\t\t\t<\/div>\n\t\t\t\t<\/div>\n\t\t<div class=\"elementor-element elementor-element-6e6ac103 e-con-full elementor-hidden-tablet elementor-hidden-mobile e-flex e-con e-parent\" data-id=\"6e6ac103\" data-element_type=\"container\" data-e-type=\"container\" data-settings=\"{&quot;background_background&quot;:&quot;classic&quot;}\">\n\t\t\t\t<\/div>\n\t\t\t\t<\/div>\n\t\t<div class=\"elementor-element elementor-element-54d5a40 e-flex e-con-boxed e-con e-parent\" data-id=\"54d5a40\" data-element_type=\"container\" data-e-type=\"container\">\n\t\t\t\t\t<div class=\"e-con-inner\">\n\t\t<div class=\"elementor-element elementor-element-8600fa5 e-con-full e-flex e-con e-parent\" data-id=\"8600fa5\" data-element_type=\"container\" data-e-type=\"container\">\n\t\t\t\t<div data-dce-text-color=\"#000000\" class=\"elementor-element elementor-element-45bac45 elementor-widget__width-initial elementor-widget elementor-widget-text-editor\" data-id=\"45bac45\" data-element_type=\"widget\" data-e-type=\"widget\" data-widget_type=\"text-editor.default\">\n\t\t\t\t<div class=\"elementor-widget-container\">\n\t\t\t\t\t\t\t\t\t<p><strong>In the last year, the Johann Malle team co-operated with the well-known Czech designer Jan Plech\u00e1\u010d to jointly create a bed that retains all the characteristics of a continental bed while still appearing elegant and light. The result of this collaboration is the latest addition to the Johann Malle\u2019s product family \u2013 the Libra bed, whose elegance and design do not interfere with functionality and comfort. <\/strong><\/p>\n\t\t\t\t\t\t\t\t<\/div>\n\t\t\t\t<\/div>\n\t\t\t\t<\/div>\n\t\t<div class=\"elementor-element elementor-element-f6b9eac e-flex e-con-boxed e-con e-parent\" data-id=\"f6b9eac\" data-element_type=\"container\" data-e-type=\"container\">\n\t\t\t\t\t<div class=\"e-con-inner\">\n\t\t\t\t\t<\/div>\n\t\t\t\t<\/div>\n\t\t\t\t\t<\/div>\n\t\t\t\t<\/div>\n\t\t<div class=\"elementor-element elementor-element-14ae8174 e-flex e-con-boxed e-con e-parent\" data-id=\"14ae8174\" data-element_type=\"container\" data-e-type=\"container\" id=\"kasmir\">\n\t\t\t\t\t<div class=\"e-con-inner\">\n\t\t<div class=\"elementor-element elementor-element-5ddcc784 e-con-full index-text-container e-flex e-con e-parent\" data-id=\"5ddcc784\" data-element_type=\"container\" data-e-type=\"container\">\n\t\t\t\t<div class=\"elementor-element elementor-element-10295588 elementor-widget elementor-widget-heading\" data-id=\"10295588\" data-element_type=\"widget\" data-e-type=\"widget\" data-widget_type=\"heading.default\">\n\t\t\t\t<div class=\"elementor-widget-container\">\n\t\t\t\t\t<span class=\"elementor-heading-title elementor-size-default\">Why did you decide to design a continental bed for Johann Malle?<\/span>\t\t\t\t<\/div>\n\t\t\t\t<\/div>\n\t\t\t\t<div class=\"elementor-element elementor-element-64e7a95d elementor-widget elementor-widget-text-editor\" data-id=\"64e7a95d\" data-element_type=\"widget\" data-e-type=\"widget\" data-widget_type=\"text-editor.default\">\n\t\t\t\t<div class=\"elementor-widget-container\">\n\t\t\t\t\t\t\t\t\t<p>It was a challenge for me. In addition, I liked that Johann Malle work only with natural materials, which I greatly appreciate. Also, that their production takes place in the Czech Republic and they produce something that improves people&#8217;s quality of life, so there were several reasons to agree with this cooperation.  <\/p>\n\t\t\t\t\t\t\t\t<\/div>\n\t\t\t\t<\/div>\n\t\t\t\t<\/div>\n\t\t<div class=\"elementor-element elementor-element-5b1f7cc2 e-con-full e-flex e-con e-parent\" data-id=\"5b1f7cc2\" data-element_type=\"container\" data-e-type=\"container\" data-settings=\"{&quot;background_background&quot;:&quot;classic&quot;}\">\n\t\t\t\t<div class=\"elementor-element elementor-element-5af8faf7 img-custom-position elementor-widget elementor-widget-image\" data-id=\"5af8faf7\" data-element_type=\"widget\" data-e-type=\"widget\" data-widget_type=\"image.default\">\n\t\t\t\t<div class=\"elementor-widget-container\">\n\t\t\t\t\t\t\t\t\t\t\t\t\t\t\t<img fetchpriority=\"high\" decoding=\"async\" width=\"1140\" height=\"800\" src=\"https:\/\/johann.two.testovaciverze.cz\/wp-content\/uploads\/2022\/09\/foto2.jpg\" class=\"attachment-1536x1536 size-1536x1536 wp-image-3723\" alt=\"foto2\" srcset=\"https:\/\/johann.two.testovaciverze.cz\/wp-content\/uploads\/2022\/09\/foto2.jpg 1140w, https:\/\/johann.two.testovaciverze.cz\/wp-content\/uploads\/2022\/09\/foto2-300x211.jpg 300w, https:\/\/johann.two.testovaciverze.cz\/wp-content\/uploads\/2022\/09\/foto2-1024x719.jpg 1024w, https:\/\/johann.two.testovaciverze.cz\/wp-content\/uploads\/2022\/09\/foto2-768x539.jpg 768w\" sizes=\"(max-width: 1140px) 100vw, 1140px\" \/>\t\t\t\t\t\t\t\t\t\t\t\t\t\t\t<\/div>\n\t\t\t\t<\/div>\n\t\t\t\t<\/div>\n\t\t\t\t\t<\/div>\n\t\t\t\t<\/div>\n\t\t<div class=\"elementor-element elementor-element-4f5ea01b e-flex e-con-boxed e-con e-parent\" data-id=\"4f5ea01b\" data-element_type=\"container\" data-e-type=\"container\" id=\"kokosove-vlakno\">\n\t\t\t\t\t<div class=\"e-con-inner\">\n\t\t<div class=\"elementor-element elementor-element-12ce82d4 e-con-full e-flex e-con e-parent\" data-id=\"12ce82d4\" data-element_type=\"container\" data-e-type=\"container\" data-settings=\"{&quot;background_background&quot;:&quot;classic&quot;}\">\n\t\t\t\t<div class=\"elementor-element elementor-element-7258d93d img-custom-position elementor-widget elementor-widget-image\" data-id=\"7258d93d\" data-element_type=\"widget\" data-e-type=\"widget\" data-widget_type=\"image.default\">\n\t\t\t\t<div class=\"elementor-widget-container\">\n\t\t\t\t\t\t\t\t\t\t\t\t\t\t\t<img decoding=\"async\" width=\"1140\" height=\"800\" src=\"https:\/\/johann.two.testovaciverze.cz\/wp-content\/uploads\/2022\/09\/foto3.jpg\" class=\"attachment-1536x1536 size-1536x1536 wp-image-3724\" alt=\"foto3\" srcset=\"https:\/\/johann.two.testovaciverze.cz\/wp-content\/uploads\/2022\/09\/foto3.jpg 1140w, https:\/\/johann.two.testovaciverze.cz\/wp-content\/uploads\/2022\/09\/foto3-300x211.jpg 300w, https:\/\/johann.two.testovaciverze.cz\/wp-content\/uploads\/2022\/09\/foto3-1024x719.jpg 1024w, https:\/\/johann.two.testovaciverze.cz\/wp-content\/uploads\/2022\/09\/foto3-768x539.jpg 768w\" sizes=\"(max-width: 1140px) 100vw, 1140px\" \/>\t\t\t\t\t\t\t\t\t\t\t\t\t\t\t<\/div>\n\t\t\t\t<\/div>\n\t\t\t\t<\/div>\n\t\t<div class=\"elementor-element elementor-element-55cae763 e-con-full index-text-container e-flex e-con e-parent\" data-id=\"55cae763\" data-element_type=\"container\" data-e-type=\"container\">\n\t\t\t\t<div class=\"elementor-element elementor-element-6c58b944 elementor-widget elementor-widget-heading\" data-id=\"6c58b944\" data-element_type=\"widget\" data-e-type=\"widget\" data-widget_type=\"heading.default\">\n\t\t\t\t<div class=\"elementor-widget-container\">\n\t\t\t\t\t<span class=\"elementor-heading-title elementor-size-default\">You design spaces, lighting, furniture... What was different about designing a continental bed?<\/span>\t\t\t\t<\/div>\n\t\t\t\t<\/div>\n\t\t\t\t<div class=\"elementor-element elementor-element-79df5ba8 elementor-widget elementor-widget-text-editor\" data-id=\"79df5ba8\" data-element_type=\"widget\" data-e-type=\"widget\" data-widget_type=\"text-editor.default\">\n\t\t\t\t<div class=\"elementor-widget-container\">\n\t\t\t\t\t\t\t\t\t<p>A bed is practically the largest piece of furniture you have at home, and therein lies the biggest design challenge. Designing such a large item so that it still feels light and elegant is not easy at all and requires a slightly different approach than what I was used to. <\/p>\n<p>A bed is usually located in the bedroom, e.g. in the quiet part of the interior. So, it shouldn\u2019t draw too much attention to itself. But how do you design a thing that is supposed to be something new, but at the same time unobtrusive? How do you design something that is inherently massive, but should still remain elegant?   <\/p>\n\t\t\t\t\t\t\t\t<\/div>\n\t\t\t\t<\/div>\n\t\t\t\t<\/div>\n\t\t\t\t\t<\/div>\n\t\t\t\t<\/div>\n\t\t<div class=\"elementor-element elementor-element-1feea3b0 e-flex e-con-boxed e-con e-parent\" data-id=\"1feea3b0\" data-element_type=\"container\" data-e-type=\"container\" id=\"konske-zine\">\n\t\t\t\t\t<div class=\"e-con-inner\">\n\t\t<div class=\"elementor-element elementor-element-7f31c40c e-con-full index-text-container e-flex e-con e-parent\" data-id=\"7f31c40c\" data-element_type=\"container\" data-e-type=\"container\">\n\t\t\t\t<div class=\"elementor-element elementor-element-a7b9eda elementor-widget elementor-widget-heading\" data-id=\"a7b9eda\" data-element_type=\"widget\" data-e-type=\"widget\" data-widget_type=\"heading.default\">\n\t\t\t\t<div class=\"elementor-widget-container\">\n\t\t\t\t\t<span class=\"elementor-heading-title elementor-size-default\">And how did you cope with it?<\/span>\t\t\t\t<\/div>\n\t\t\t\t<\/div>\n\t\t\t\t<div class=\"elementor-element elementor-element-24fb086d elementor-widget elementor-widget-text-editor\" data-id=\"24fb086d\" data-element_type=\"widget\" data-e-type=\"widget\" data-widget_type=\"text-editor.default\">\n\t\t\t\t<div class=\"elementor-widget-container\">\n\t\t\t\t\t\t\t\t\t<p>We struggled with it quite a bit. Everything was too massive. But then we came up with a beautiful principle that elegantly got us out of it.  <\/p>\n\t\t\t\t\t\t\t\t<\/div>\n\t\t\t\t<\/div>\n\t\t\t\t<\/div>\n\t\t<div class=\"elementor-element elementor-element-4422e85e e-con-full e-flex e-con e-parent\" data-id=\"4422e85e\" data-element_type=\"container\" data-e-type=\"container\" data-settings=\"{&quot;background_background&quot;:&quot;classic&quot;}\">\n\t\t\t\t<div class=\"elementor-element elementor-element-415021c9 img-custom-position elementor-widget elementor-widget-image\" data-id=\"415021c9\" data-element_type=\"widget\" data-e-type=\"widget\" data-widget_type=\"image.default\">\n\t\t\t\t<div class=\"elementor-widget-container\">\n\t\t\t\t\t\t\t\t\t\t\t\t\t\t\t<img decoding=\"async\" width=\"1140\" height=\"800\" src=\"https:\/\/johann.two.testovaciverze.cz\/wp-content\/uploads\/2022\/09\/foto4.jpg\" class=\"attachment-1536x1536 size-1536x1536 wp-image-3725\" alt=\"foto4\" srcset=\"https:\/\/johann.two.testovaciverze.cz\/wp-content\/uploads\/2022\/09\/foto4.jpg 1140w, https:\/\/johann.two.testovaciverze.cz\/wp-content\/uploads\/2022\/09\/foto4-300x211.jpg 300w, https:\/\/johann.two.testovaciverze.cz\/wp-content\/uploads\/2022\/09\/foto4-1024x719.jpg 1024w, https:\/\/johann.two.testovaciverze.cz\/wp-content\/uploads\/2022\/09\/foto4-768x539.jpg 768w\" sizes=\"(max-width: 1140px) 100vw, 1140px\" \/>\t\t\t\t\t\t\t\t\t\t\t\t\t\t\t<\/div>\n\t\t\t\t<\/div>\n\t\t\t\t<\/div>\n\t\t\t\t\t<\/div>\n\t\t\t\t<\/div>\n\t\t<div class=\"elementor-element elementor-element-a65f160 e-flex e-con-boxed e-con e-parent\" data-id=\"a65f160\" data-element_type=\"container\" data-e-type=\"container\" id=\"ovci-vlna\">\n\t\t\t\t\t<div class=\"e-con-inner\">\n\t\t<div class=\"elementor-element elementor-element-35de1af2 e-con-full e-flex e-con e-parent\" data-id=\"35de1af2\" data-element_type=\"container\" data-e-type=\"container\" data-settings=\"{&quot;background_background&quot;:&quot;classic&quot;}\">\n\t\t\t\t<div class=\"elementor-element elementor-element-661a4d97 img-custom-position elementor-widget elementor-widget-image\" data-id=\"661a4d97\" data-element_type=\"widget\" data-e-type=\"widget\" data-widget_type=\"image.default\">\n\t\t\t\t<div class=\"elementor-widget-container\">\n\t\t\t\t\t\t\t\t\t\t\t\t\t\t\t<img loading=\"lazy\" decoding=\"async\" width=\"1140\" height=\"800\" src=\"https:\/\/johann.two.testovaciverze.cz\/wp-content\/uploads\/2022\/09\/foto5.jpg\" class=\"attachment-1536x1536 size-1536x1536 wp-image-3726\" alt=\"foto5\" srcset=\"https:\/\/johann.two.testovaciverze.cz\/wp-content\/uploads\/2022\/09\/foto5.jpg 1140w, https:\/\/johann.two.testovaciverze.cz\/wp-content\/uploads\/2022\/09\/foto5-300x211.jpg 300w, https:\/\/johann.two.testovaciverze.cz\/wp-content\/uploads\/2022\/09\/foto5-1024x719.jpg 1024w, https:\/\/johann.two.testovaciverze.cz\/wp-content\/uploads\/2022\/09\/foto5-768x539.jpg 768w\" sizes=\"(max-width: 1140px) 100vw, 1140px\" \/>\t\t\t\t\t\t\t\t\t\t\t\t\t\t\t<\/div>\n\t\t\t\t<\/div>\n\t\t\t\t<\/div>\n\t\t<div class=\"elementor-element elementor-element-33e0fe71 e-con-full index-text-container e-flex e-con e-parent\" data-id=\"33e0fe71\" data-element_type=\"container\" data-e-type=\"container\">\n\t\t\t\t<div class=\"elementor-element elementor-element-4dfb2f82 elementor-widget elementor-widget-heading\" data-id=\"4dfb2f82\" data-element_type=\"widget\" data-e-type=\"widget\" data-widget_type=\"heading.default\">\n\t\t\t\t<div class=\"elementor-widget-container\">\n\t\t\t\t\t<span class=\"elementor-heading-title elementor-size-default\">\"So, what forms the uniqueness of Libra?<\/span>\t\t\t\t<\/div>\n\t\t\t\t<\/div>\n\t\t\t\t<div class=\"elementor-element elementor-element-a67b806 elementor-widget elementor-widget-text-editor\" data-id=\"a67b806\" data-element_type=\"widget\" data-e-type=\"widget\" data-widget_type=\"text-editor.default\">\n\t\t\t\t<div class=\"elementor-widget-container\">\n\t\t\t\t\t\t\t\t\t<p>Its balance. We managed to comply with the requirements for its comfort, but at the same time it does not appear massive in the room. Hence the name Libra &#8211; scale.  <\/p>\n<p>Libra is also distinguished by its usability in the interior. We designed it in such a way that it does not have to be placed against the wall, but can also stand freely in the bedroom and its rear screen can thus become a room divider. This bed is beautiful from all sides, including the back. You can place for example a desk behind the partition and thus your use of the room is more universal.   <\/p>\n\t\t\t\t\t\t\t\t<\/div>\n\t\t\t\t<\/div>\n\t\t\t\t<\/div>\n\t\t\t\t\t<\/div>\n\t\t\t\t<\/div>\n\t\t<div class=\"elementor-element elementor-element-17b9136b e-flex e-con-boxed e-con e-parent\" data-id=\"17b9136b\" data-element_type=\"container\" data-e-type=\"container\" id=\"prirodni-kaucuk\">\n\t\t\t\t\t<div class=\"e-con-inner\">\n\t\t<div class=\"elementor-element elementor-element-2c47852b e-con-full index-text-container e-flex e-con e-parent\" data-id=\"2c47852b\" data-element_type=\"container\" data-e-type=\"container\">\n\t\t\t\t<div class=\"elementor-element elementor-element-7d5f82e6 elementor-widget elementor-widget-heading\" data-id=\"7d5f82e6\" data-element_type=\"widget\" data-e-type=\"widget\" data-widget_type=\"heading.default\">\n\t\t\t\t<div class=\"elementor-widget-container\">\n\t\t\t\t\t<span class=\"elementor-heading-title elementor-size-default\">Would you like to have it at home?<\/span>\t\t\t\t<\/div>\n\t\t\t\t<\/div>\n\t\t\t\t<div class=\"elementor-element elementor-element-278d3aee elementor-widget elementor-widget-text-editor\" data-id=\"278d3aee\" data-element_type=\"widget\" data-e-type=\"widget\" data-widget_type=\"text-editor.default\">\n\t\t\t\t<div class=\"elementor-widget-container\">\n\t\t\t\t\t\t\t\t\t<p>Certainly \ud83d\ude42<\/p>\n\t\t\t\t\t\t\t\t<\/div>\n\t\t\t\t<\/div>\n\t\t\t\t<div class=\"elementor-element elementor-element-60d455f elementor-widget elementor-widget-heading\" data-id=\"60d455f\" data-element_type=\"widget\" data-e-type=\"widget\" data-widget_type=\"heading.default\">\n\t\t\t\t<div class=\"elementor-widget-container\">\n\t\t\t\t\t<span class=\"elementor-heading-title elementor-size-default\">Would you like to try designing another one?<\/span>\t\t\t\t<\/div>\n\t\t\t\t<\/div>\n\t\t\t\t<div class=\"elementor-element elementor-element-744382b elementor-widget elementor-widget-text-editor\" data-id=\"744382b\" data-element_type=\"widget\" data-e-type=\"widget\" data-widget_type=\"text-editor.default\">\n\t\t\t\t<div class=\"elementor-widget-container\">\n\t\t\t\t\t\t\t\t\t<p>Yes. Libra taught us a lot, so now it would be more fun. <\/p>\n\t\t\t\t\t\t\t\t<\/div>\n\t\t\t\t<\/div>\n\t\t\t\t<\/div>\n\t\t<div class=\"elementor-element elementor-element-10a41f3c e-con-full e-flex e-con e-parent\" data-id=\"10a41f3c\" data-element_type=\"container\" data-e-type=\"container\" data-settings=\"{&quot;background_background&quot;:&quot;classic&quot;}\">\n\t\t\t\t<\/div>\n\t\t\t\t\t<\/div>\n\t\t\t\t<\/div>\n\t\t<div class=\"elementor-element elementor-element-5513ec1 e-flex e-con-boxed e-con e-parent\" data-id=\"5513ec1\" data-element_type=\"container\" data-e-type=\"container\">\n\t\t\t\t\t<div class=\"e-con-inner\">\n\t\t<div class=\"elementor-element elementor-element-6ec35cf e-con-full e-flex e-con e-parent\" data-id=\"6ec35cf\" data-element_type=\"container\" data-e-type=\"container\">\n\t\t\t\t<div class=\"elementor-element elementor-element-5ead4f5 elementor-widget-divider--view-line elementor-widget elementor-widget-divider\" data-id=\"5ead4f5\" data-element_type=\"widget\" data-e-type=\"widget\" data-widget_type=\"divider.default\">\n\t\t\t\t<div class=\"elementor-widget-container\">\n\t\t\t\t\t\t\t<div class=\"elementor-divider\">\n\t\t\t<span class=\"elementor-divider-separator\">\n\t\t\t\t\t\t<\/span>\n\t\t<\/div>\n\t\t\t\t\t\t<\/div>\n\t\t\t\t<\/div>\n\t\t\t\t<\/div>\n\t\t\t\t\t<\/div>\n\t\t\t\t<\/div>\n\t\t<div class=\"elementor-element elementor-element-a81e46b e-flex e-con-boxed e-con e-parent\" data-id=\"a81e46b\" data-element_type=\"container\" data-e-type=\"container\">\n\t\t\t\t\t<div class=\"e-con-inner\">\n\t\t<div class=\"elementor-element elementor-element-d2c343c e-con-full index-text-container e-flex e-con e-parent\" data-id=\"d2c343c\" data-element_type=\"container\" data-e-type=\"container\">\n\t\t\t\t<div data-dce-background-color=\"#A28B65\" class=\"elementor-element elementor-element-75ad8e1 custom-btn elementor-widget__width-auto elementor-widget elementor-widget-button\" data-id=\"75ad8e1\" data-element_type=\"widget\" data-e-type=\"widget\" data-widget_type=\"button.default\">\n\t\t\t\t<div class=\"elementor-widget-container\">\n\t\t\t\t\t\t\t\t\t<div class=\"elementor-button-wrapper\">\n\t\t\t\t\t<a class=\"elementor-button elementor-button-link elementor-size-md\" href=\"\/postele\/libra\/\">\n\t\t\t\t\t\t<span class=\"elementor-button-content-wrapper\">\n\t\t\t\t\t\t\t\t\t<span class=\"elementor-button-text\">More about Libra bed<\/span>\n\t\t\t\t\t<\/span>\n\t\t\t\t\t<\/a>\n\t\t\t\t<\/div>\n\t\t\t\t\t\t\t\t<\/div>\n\t\t\t\t<\/div>\n\t\t\t\t<\/div>\n\t\t<div class=\"elementor-element elementor-element-fb2d00b e-con-full e-flex e-con e-parent\" data-id=\"fb2d00b\" data-element_type=\"container\" data-e-type=\"container\" data-settings=\"{&quot;background_background&quot;:&quot;classic&quot;}\">\n\t\t\t\t<div data-dce-background-color=\"#00000000\" class=\"elementor-element elementor-element-0e77370 elementor-widget__width-auto elementor-align-right elementor-mobile-align-center elementor-widget elementor-widget-button\" data-id=\"0e77370\" data-element_type=\"widget\" data-e-type=\"widget\" data-widget_type=\"button.default\">\n\t\t\t\t<div class=\"elementor-widget-container\">\n\t\t\t\t\t\t\t\t\t<div class=\"elementor-button-wrapper\">\n\t\t\t\t\t<a class=\"elementor-button elementor-button-link elementor-size-md\" href=\"https:\/\/johann.two.testovaciverze.cz\/prakticke-informace\/\">\n\t\t\t\t\t\t<span class=\"elementor-button-content-wrapper\">\n\t\t\t\t\t\t\t\t\t<span class=\"elementor-button-text\">Back to articles<\/span>\n\t\t\t\t\t<\/span>\n\t\t\t\t\t<\/a>\n\t\t\t\t<\/div>\n\t\t\t\t\t\t\t\t<\/div>\n\t\t\t\t<\/div>\n\t\t\t\t<\/div>\n\t\t\t\t\t<\/div>\n\t\t\t\t<\/div>\n\t\t\t\t<\/div>\n\t\t","protected":false},"excerpt":{"rendered":"<p>\u00favod INTERVIEW WITH JAN PLECH\u00c1\u010c It was a challenge, but we created a material thing that is chic, says the designer of the new continental bed Continue In the last year, the Johann Malle team co-operated with the well-known Czech designer Jan Plech\u00e1\u010d to jointly create a bed that retains all the characteristics of a [&hellip;]<\/p>\n","protected":false},"author":1,"featured_media":0,"parent":5911,"menu_order":0,"comment_status":"closed","ping_status":"closed","template":"","meta":{"_acf_changed":false,"footnotes":""},"class_list":["post-5565","page","type-page","status-publish","hentry"],"acf":[],"_links":{"self":[{"href":"https:\/\/johann.two.testovaciverze.cz\/en\/wp-json\/wp\/v2\/pages\/5565","targetHints":{"allow":["GET"]}}],"collection":[{"href":"https:\/\/johann.two.testovaciverze.cz\/en\/wp-json\/wp\/v2\/pages"}],"about":[{"href":"https:\/\/johann.two.testovaciverze.cz\/en\/wp-json\/wp\/v2\/types\/page"}],"author":[{"embeddable":true,"href":"https:\/\/johann.two.testovaciverze.cz\/en\/wp-json\/wp\/v2\/users\/1"}],"replies":[{"embeddable":true,"href":"https:\/\/johann.two.testovaciverze.cz\/en\/wp-json\/wp\/v2\/comments?post=5565"}],"version-history":[{"count":1,"href":"https:\/\/johann.two.testovaciverze.cz\/en\/wp-json\/wp\/v2\/pages\/5565\/revisions"}],"predecessor-version":[{"id":5566,"href":"https:\/\/johann.two.testovaciverze.cz\/en\/wp-json\/wp\/v2\/pages\/5565\/revisions\/5566"}],"up":[{"embeddable":true,"href":"https:\/\/johann.two.testovaciverze.cz\/en\/wp-json\/wp\/v2\/pages\/5911"}],"wp:attachment":[{"href":"https:\/\/johann.two.testovaciverze.cz\/en\/wp-json\/wp\/v2\/media?parent=5565"}],"curies":[{"name":"wp","href":"https:\/\/api.w.org\/{rel}","templated":true}]}}