{"id":5909,"date":"2023-04-13T13:42:04","date_gmt":"2023-04-13T11:42:04","guid":{"rendered":"https:\/\/johann.two.testovaciverze.cz\/sale\/"},"modified":"2023-10-05T07:32:12","modified_gmt":"2023-10-05T05:32:12","slug":"sale","status":"publish","type":"page","link":"https:\/\/johann.two.testovaciverze.cz\/en\/sale\/","title":{"rendered":"Sale"},"content":{"rendered":"\t\t<div data-elementor-type=\"wp-page\" data-elementor-id=\"5909\" class=\"elementor elementor-5909 elementor-5811\" data-elementor-post-type=\"page\">\n\t\t\t\t<div class=\"elementor-element elementor-element-5412bafa e-con-full e-flex e-con e-parent\" data-id=\"5412bafa\" data-element_type=\"container\" data-e-type=\"container\" data-settings=\"{&quot;background_background&quot;:&quot;classic&quot;}\">\n\t\t<div class=\"elementor-element elementor-element-43f9c5e1 e-con-full e-flex e-con e-parent\" data-id=\"43f9c5e1\" data-element_type=\"container\" data-e-type=\"container\" data-settings=\"{&quot;background_background&quot;:&quot;classic&quot;}\">\n\t\t\t\t<div class=\"elementor-element elementor-element-fa85d5d elementor-widget elementor-widget-heading\" data-id=\"fa85d5d\" data-element_type=\"widget\" data-e-type=\"widget\" data-widget_type=\"heading.default\">\n\t\t\t\t<div class=\"elementor-widget-container\">\n\t\t\t\t\t<h1 class=\"elementor-heading-title elementor-size-default\">AUTUMN EXCHANGE OF SHOWROOM BEDS AND MATTRESSES - 50%<\/h1>\t\t\t\t<\/div>\n\t\t\t\t<\/div>\n\t\t\t\t<div class=\"elementor-element elementor-element-46e56311 elementor-widget-divider--view-line elementor-widget elementor-widget-divider\" data-id=\"46e56311\" data-element_type=\"widget\" data-e-type=\"widget\" data-widget_type=\"divider.default\">\n\t\t\t\t<div class=\"elementor-widget-container\">\n\t\t\t\t\t\t\t<div class=\"elementor-divider\">\n\t\t\t<span class=\"elementor-divider-separator\">\n\t\t\t\t\t\t<\/span>\n\t\t<\/div>\n\t\t\t\t\t\t<\/div>\n\t\t\t\t<\/div>\n\t\t\t\t<div class=\"elementor-element elementor-element-63b29a63 elementor-widget elementor-widget-text-editor\" data-id=\"63b29a63\" data-element_type=\"widget\" data-e-type=\"widget\" data-widget_type=\"text-editor.default\">\n\t\t\t\t<div class=\"elementor-widget-container\">\n\t\t\t\t\t\t\t\t\t<p>Now you have a unique opportunity to buy exhibited products at a 50% price reduction!<\/p>\n<p>Feel free to contact us and choose your new Johann Malle continental bed and natural mattress at an incredible price. Let yourself be carried away into a world of luxury, comfort and healthy sleep with our products.<\/p>\n\t\t\t\t\t\t\t\t<\/div>\n\t\t\t\t<\/div>\n\t\t\t\t<div data-dce-background-color=\"#A28B65\" class=\"elementor-element elementor-element-27daa9f custom-btn elementor-widget elementor-widget-button\" data-id=\"27daa9f\" data-element_type=\"widget\" data-e-type=\"widget\" data-widget_type=\"button.default\">\n\t\t\t\t<div class=\"elementor-widget-container\">\n\t\t\t\t\t\t\t\t\t<div class=\"elementor-button-wrapper\">\n\t\t\t\t\t<a class=\"elementor-button elementor-button-link elementor-size-md\" href=\"#elementor-action%3Aaction%3Dpopup%3Aopen%26settings%3DeyJpZCI6NTUxMSwidG9nZ2xlIjpmYWxzZX0%3D\">\n\t\t\t\t\t\t<span class=\"elementor-button-content-wrapper\">\n\t\t\t\t\t\t\t\t\t<span class=\"elementor-button-text\">I AM INTERESTED IN THE OFFER -50%<\/span>\n\t\t\t\t\t<\/span>\n\t\t\t\t\t<\/a>\n\t\t\t\t<\/div>\n\t\t\t\t\t\t\t\t<\/div>\n\t\t\t\t<\/div>\n\t\t\t\t<\/div>\n\t\t<div class=\"elementor-element elementor-element-2c9aaf27 e-con-full e-flex e-con e-parent\" data-id=\"2c9aaf27\" data-element_type=\"container\" data-e-type=\"container\" data-settings=\"{&quot;background_background&quot;:&quot;classic&quot;}\">\n\t\t\t\t<div class=\"elementor-element elementor-element-4c875a42 elementor-widget elementor-widget-image\" data-id=\"4c875a42\" data-element_type=\"widget\" data-e-type=\"widget\" data-widget_type=\"image.default\">\n\t\t\t\t<div class=\"elementor-widget-container\">\n\t\t\t\t\t\t\t\t\t\t\t\t\t\t\t<img fetchpriority=\"high\" decoding=\"async\" width=\"1500\" height=\"1000\" src=\"https:\/\/johann.two.testovaciverze.cz\/wp-content\/uploads\/2023\/01\/libra_homepage.jpg\" class=\"attachment-full size-full wp-image-5726\" alt=\"libra homepage\" srcset=\"https:\/\/johann.two.testovaciverze.cz\/wp-content\/uploads\/2023\/01\/libra_homepage.jpg 1500w, https:\/\/johann.two.testovaciverze.cz\/wp-content\/uploads\/2023\/01\/libra_homepage-300x200.jpg 300w, https:\/\/johann.two.testovaciverze.cz\/wp-content\/uploads\/2023\/01\/libra_homepage-1024x683.jpg 1024w, https:\/\/johann.two.testovaciverze.cz\/wp-content\/uploads\/2023\/01\/libra_homepage-768x512.jpg 768w\" sizes=\"(max-width: 1500px) 100vw, 1500px\" \/>\t\t\t\t\t\t\t\t\t\t\t\t\t\t\t<\/div>\n\t\t\t\t<\/div>\n\t\t\t\t<\/div>\n\t\t\t\t<\/div>\n\t\t<div class=\"elementor-element elementor-element-4fcd88d e-flex e-con-boxed e-con e-parent\" data-id=\"4fcd88d\" data-element_type=\"container\" data-e-type=\"container\">\n\t\t\t\t\t<div class=\"e-con-inner\">\n\t\t<div class=\"elementor-element elementor-element-30db52d e-flex e-con-boxed e-con e-parent\" data-id=\"30db52d\" data-element_type=\"container\" data-e-type=\"container\">\n\t\t\t\t\t<div class=\"e-con-inner\">\n\t\t\t\t<div data-dce-text-color=\"#000000\" class=\"elementor-element elementor-element-235e2e0 elementor-widget elementor-widget-text-editor\" data-id=\"235e2e0\" data-element_type=\"widget\" data-e-type=\"widget\" data-widget_type=\"text-editor.default\">\n\t\t\t\t<div class=\"elementor-widget-container\">\n\t\t\t\t\t\t\t\t\t<p>Imagine sinking into a luxurious bed from Johann Malle every night. Your body will be perfectly supported and surrounded by natural materials to ensure a deep and healthy sleep. In the morning you will wake up full of energy, refreshed and ready for the day.<\/p>\n<p>Such are the beds from Johann Malle. You can now get the bed and mattress pieces on display at a 50% discount.<\/p>\n\t\t\t\t\t\t\t\t<\/div>\n\t\t\t\t<\/div>\n\t\t\t\t\t<\/div>\n\t\t\t\t<\/div>\n\t\t\t\t\t<\/div>\n\t\t\t\t<\/div>\n\t\t<div class=\"elementor-element elementor-element-84c5611 e-flex e-con-boxed e-con e-parent\" data-id=\"84c5611\" data-element_type=\"container\" data-e-type=\"container\">\n\t\t\t\t\t<div class=\"e-con-inner\">\n\t\t<div class=\"elementor-element elementor-element-4cf9dc1 e-flex e-con-boxed e-con e-parent\" data-id=\"4cf9dc1\" data-element_type=\"container\" data-e-type=\"container\">\n\t\t\t\t\t<div class=\"e-con-inner\">\n\t\t\t\t<div data-dce-text-color=\"#000000\" class=\"elementor-element elementor-element-c58f729 elementor-widget elementor-widget-text-editor\" data-id=\"c58f729\" data-element_type=\"widget\" data-e-type=\"widget\" data-widget_type=\"text-editor.default\">\n\t\t\t\t<div class=\"elementor-widget-container\">\n\t\t\t\t\t\t\t\t\t<p>For information on the current range of sizes and covering materials, please call Krist\u00fdna Vok\u00e1lov\u00e1 on <a href=\"tel:+420%20720%20253%20827\"><u>+420 720 253 827<\/u><\/a>, or leave us a message and we will be happy to call you.<\/p>\n\t\t\t\t\t\t\t\t<\/div>\n\t\t\t\t<\/div>\n\t\t\t\t\t<\/div>\n\t\t\t\t<\/div>\n\t\t\t\t\t<\/div>\n\t\t\t\t<\/div>\n\t\t<div class=\"elementor-element elementor-element-35e8509 e-flex e-con-boxed e-con e-parent\" data-id=\"35e8509\" data-element_type=\"container\" data-e-type=\"container\">\n\t\t\t\t\t<div class=\"e-con-inner\">\n\t\t<div class=\"elementor-element elementor-element-b32b71f e-con-full e-flex e-con e-parent\" data-id=\"b32b71f\" data-element_type=\"container\" data-e-type=\"container\" data-settings=\"{&quot;background_background&quot;:&quot;classic&quot;}\">\n\t\t\t\t<div class=\"elementor-element elementor-element-8c68582 img-custom-position elementor-widget elementor-widget-image\" data-id=\"8c68582\" data-element_type=\"widget\" data-e-type=\"widget\" data-widget_type=\"image.default\">\n\t\t\t\t<div class=\"elementor-widget-container\">\n\t\t\t\t\t\t\t\t\t\t\t\t\t\t\t<img decoding=\"async\" width=\"1536\" height=\"1024\" src=\"https:\/\/johann.two.testovaciverze.cz\/wp-content\/uploads\/2023\/04\/johann-malle-showroom-6-web-1536x1024.jpg\" class=\"attachment-1536x1536 size-1536x1536 wp-image-5845\" alt=\"johann malle showroom 6 web\" srcset=\"https:\/\/johann.two.testovaciverze.cz\/wp-content\/uploads\/2023\/04\/johann-malle-showroom-6-web-1536x1024.jpg 1536w, https:\/\/johann.two.testovaciverze.cz\/wp-content\/uploads\/2023\/04\/johann-malle-showroom-6-web-300x200.jpg 300w, https:\/\/johann.two.testovaciverze.cz\/wp-content\/uploads\/2023\/04\/johann-malle-showroom-6-web-1024x682.jpg 1024w, https:\/\/johann.two.testovaciverze.cz\/wp-content\/uploads\/2023\/04\/johann-malle-showroom-6-web-768x512.jpg 768w, https:\/\/johann.two.testovaciverze.cz\/wp-content\/uploads\/2023\/04\/johann-malle-showroom-6-web.jpg 2000w\" sizes=\"(max-width: 1536px) 100vw, 1536px\" \/>\t\t\t\t\t\t\t\t\t\t\t\t\t\t\t<\/div>\n\t\t\t\t<\/div>\n\t\t\t\t<\/div>\n\t\t<div class=\"elementor-element elementor-element-c57c3ff e-con-full index-text-container e-flex e-con e-parent\" data-id=\"c57c3ff\" data-element_type=\"container\" data-e-type=\"container\">\n\t\t\t\t<div class=\"elementor-element elementor-element-d383cb3 elementor-widget elementor-widget-heading\" data-id=\"d383cb3\" data-element_type=\"widget\" data-e-type=\"widget\" data-widget_type=\"heading.default\">\n\t\t\t\t<div class=\"elementor-widget-container\">\n\t\t\t\t\t<span class=\"elementor-heading-title elementor-size-default\">Have you ever thought about how important quality sleep is for your health and well-being?<\/span>\t\t\t\t<\/div>\n\t\t\t\t<\/div>\n\t\t\t\t<div class=\"elementor-element elementor-element-d6eae58 elementor-widget elementor-widget-text-editor\" data-id=\"d6eae58\" data-element_type=\"widget\" data-e-type=\"widget\" data-widget_type=\"text-editor.default\">\n\t\t\t\t<div class=\"elementor-widget-container\">\n\t\t\t\t\t\t\t\t\t<p>Not sleeping well? Are you wondering how to improve the quality of your sleep and thus your overall well-being? ? The solution is continental beds and natural mattresses from Johann Malle!<\/p>\n<p>Our beds and mattresses are made of purely natural materials that ensure you get not only a comfortable but also a healthy sleep. And now you have a unique opportunity to buy these displayed products at a price reduced by 50%!<\/p>\n\t\t\t\t\t\t\t\t<\/div>\n\t\t\t\t<\/div>\n\t\t\t\t<div data-dce-background-color=\"#A28B65\" class=\"elementor-element elementor-element-c088d94 custom-btn elementor-widget elementor-widget-button\" data-id=\"c088d94\" data-element_type=\"widget\" data-e-type=\"widget\" data-widget_type=\"button.default\">\n\t\t\t\t<div class=\"elementor-widget-container\">\n\t\t\t\t\t\t\t\t\t<div class=\"elementor-button-wrapper\">\n\t\t\t\t\t<a class=\"elementor-button elementor-button-link elementor-size-md\" href=\"#elementor-action%3Aaction%3Dpopup%3Aopen%26settings%3DeyJpZCI6NTUxMSwidG9nZ2xlIjpmYWxzZX0%3D\">\n\t\t\t\t\t\t<span class=\"elementor-button-content-wrapper\">\n\t\t\t\t\t\t\t\t\t<span class=\"elementor-button-text\">I AM INTERESTED IN THE OFFER -50%<\/span>\n\t\t\t\t\t<\/span>\n\t\t\t\t\t<\/a>\n\t\t\t\t<\/div>\n\t\t\t\t\t\t\t\t<\/div>\n\t\t\t\t<\/div>\n\t\t\t\t<\/div>\n\t\t\t\t\t<\/div>\n\t\t\t\t<\/div>\n\t\t<div class=\"elementor-element elementor-element-80ed04e e-flex e-con-boxed e-con e-parent\" data-id=\"80ed04e\" data-element_type=\"container\" data-e-type=\"container\">\n\t\t\t\t\t<div class=\"e-con-inner\">\n\t\t<div class=\"elementor-element elementor-element-4761991 e-con-full index-text-container e-flex e-con e-parent\" data-id=\"4761991\" data-element_type=\"container\" data-e-type=\"container\">\n\t\t\t\t<div class=\"elementor-element elementor-element-6f1e6f5 elementor-widget elementor-widget-heading\" data-id=\"6f1e6f5\" data-element_type=\"widget\" data-e-type=\"widget\" data-widget_type=\"heading.default\">\n\t\t\t\t<div class=\"elementor-widget-container\">\n\t\t\t\t\t<span class=\"elementor-heading-title elementor-size-default\">Johann Malle continental beds are designed to give you maximum comfort and support for your body.<\/span>\t\t\t\t<\/div>\n\t\t\t\t<\/div>\n\t\t\t\t<div class=\"elementor-element elementor-element-162f3e7 elementor-widget elementor-widget-text-editor\" data-id=\"162f3e7\" data-element_type=\"widget\" data-e-type=\"widget\" data-widget_type=\"text-editor.default\">\n\t\t\t\t<div class=\"elementor-widget-container\">\n\t\t\t\t\t\t\t\t\t<p>The combination of a solid frame, a flexible system and a soft mattress makes you feel like you&#8217;re on a cloud. Johann Malle natural mattresses give your sleep the right amount of luxury and health.<\/p>\n<p>Don&#8217;t miss this unique opportunity and get a Johann Malle continental bed and natural mattress for half price! Your body and mind will thank you for the best investment in your health and well-being.<\/p>\n\t\t\t\t\t\t\t\t<\/div>\n\t\t\t\t<\/div>\n\t\t\t\t<div data-dce-background-color=\"#A28B65\" class=\"elementor-element elementor-element-1cac64f custom-btn elementor-widget elementor-widget-button\" data-id=\"1cac64f\" data-element_type=\"widget\" data-e-type=\"widget\" data-widget_type=\"button.default\">\n\t\t\t\t<div class=\"elementor-widget-container\">\n\t\t\t\t\t\t\t\t\t<div class=\"elementor-button-wrapper\">\n\t\t\t\t\t<a class=\"elementor-button elementor-button-link elementor-size-md\" href=\"#elementor-action%3Aaction%3Dpopup%3Aopen%26settings%3DeyJpZCI6NTUxMSwidG9nZ2xlIjpmYWxzZX0%3D\">\n\t\t\t\t\t\t<span class=\"elementor-button-content-wrapper\">\n\t\t\t\t\t\t\t\t\t<span class=\"elementor-button-text\">I AM INTERESTED IN THE OFFER -50%<\/span>\n\t\t\t\t\t<\/span>\n\t\t\t\t\t<\/a>\n\t\t\t\t<\/div>\n\t\t\t\t\t\t\t\t<\/div>\n\t\t\t\t<\/div>\n\t\t\t\t<\/div>\n\t\t<div class=\"elementor-element elementor-element-e5bdab3 e-con-full e-flex e-con e-parent\" data-id=\"e5bdab3\" data-element_type=\"container\" data-e-type=\"container\" data-settings=\"{&quot;background_background&quot;:&quot;classic&quot;}\">\n\t\t\t\t<div class=\"elementor-element elementor-element-e67a2e2 img-custom-position elementor-widget elementor-widget-image\" data-id=\"e67a2e2\" data-element_type=\"widget\" data-e-type=\"widget\" data-widget_type=\"image.default\">\n\t\t\t\t<div class=\"elementor-widget-container\">\n\t\t\t\t\t\t\t\t\t\t\t\t\t\t\t<img decoding=\"async\" width=\"1536\" height=\"1024\" src=\"https:\/\/johann.two.testovaciverze.cz\/wp-content\/uploads\/2023\/04\/johann-malle-showroom-5-web-1536x1024.jpg\" class=\"attachment-1536x1536 size-1536x1536 wp-image-5843\" alt=\"johann malle showroom 5 web\" srcset=\"https:\/\/johann.two.testovaciverze.cz\/wp-content\/uploads\/2023\/04\/johann-malle-showroom-5-web-1536x1024.jpg 1536w, https:\/\/johann.two.testovaciverze.cz\/wp-content\/uploads\/2023\/04\/johann-malle-showroom-5-web-300x200.jpg 300w, https:\/\/johann.two.testovaciverze.cz\/wp-content\/uploads\/2023\/04\/johann-malle-showroom-5-web-1024x682.jpg 1024w, https:\/\/johann.two.testovaciverze.cz\/wp-content\/uploads\/2023\/04\/johann-malle-showroom-5-web-768x512.jpg 768w, https:\/\/johann.two.testovaciverze.cz\/wp-content\/uploads\/2023\/04\/johann-malle-showroom-5-web.jpg 2000w\" sizes=\"(max-width: 1536px) 100vw, 1536px\" \/>\t\t\t\t\t\t\t\t\t\t\t\t\t\t\t<\/div>\n\t\t\t\t<\/div>\n\t\t\t\t<\/div>\n\t\t\t\t\t<\/div>\n\t\t\t\t<\/div>\n\t\t<div class=\"elementor-element elementor-element-2a43dae e-flex e-con-boxed e-con e-parent\" data-id=\"2a43dae\" data-element_type=\"container\" data-e-type=\"container\">\n\t\t\t\t\t<div class=\"e-con-inner\">\n\t\t<div class=\"elementor-element elementor-element-f9db850 e-con-full e-flex e-con e-parent\" data-id=\"f9db850\" data-element_type=\"container\" data-e-type=\"container\" data-settings=\"{&quot;background_background&quot;:&quot;classic&quot;}\">\n\t\t\t\t<div class=\"elementor-element elementor-element-4be5433 img-custom-position elementor-widget elementor-widget-image\" data-id=\"4be5433\" data-element_type=\"widget\" data-e-type=\"widget\" data-widget_type=\"image.default\">\n\t\t\t\t<div class=\"elementor-widget-container\">\n\t\t\t\t\t\t\t\t\t\t\t\t\t\t\t<img loading=\"lazy\" decoding=\"async\" width=\"1536\" height=\"1024\" src=\"https:\/\/johann.two.testovaciverze.cz\/wp-content\/uploads\/2023\/04\/johann-malle-showroom-4-web-1536x1024.jpg\" class=\"attachment-1536x1536 size-1536x1536 wp-image-5841\" alt=\"johann malle showroom 4 web\" srcset=\"https:\/\/johann.two.testovaciverze.cz\/wp-content\/uploads\/2023\/04\/johann-malle-showroom-4-web-1536x1024.jpg 1536w, https:\/\/johann.two.testovaciverze.cz\/wp-content\/uploads\/2023\/04\/johann-malle-showroom-4-web-300x200.jpg 300w, https:\/\/johann.two.testovaciverze.cz\/wp-content\/uploads\/2023\/04\/johann-malle-showroom-4-web-1024x682.jpg 1024w, https:\/\/johann.two.testovaciverze.cz\/wp-content\/uploads\/2023\/04\/johann-malle-showroom-4-web-768x512.jpg 768w, https:\/\/johann.two.testovaciverze.cz\/wp-content\/uploads\/2023\/04\/johann-malle-showroom-4-web.jpg 2000w\" sizes=\"(max-width: 1536px) 100vw, 1536px\" \/>\t\t\t\t\t\t\t\t\t\t\t\t\t\t\t<\/div>\n\t\t\t\t<\/div>\n\t\t\t\t<\/div>\n\t\t<div class=\"elementor-element elementor-element-61ef25a e-con-full index-text-container e-flex e-con e-parent\" data-id=\"61ef25a\" data-element_type=\"container\" data-e-type=\"container\">\n\t\t\t\t<div class=\"elementor-element elementor-element-2b0a7a0 elementor-widget elementor-widget-heading\" data-id=\"2b0a7a0\" data-element_type=\"widget\" data-e-type=\"widget\" data-widget_type=\"heading.default\">\n\t\t\t\t<div class=\"elementor-widget-container\">\n\t\t\t\t\t<span class=\"elementor-heading-title elementor-size-default\">Why beds from Johann Malle?<\/span>\t\t\t\t<\/div>\n\t\t\t\t<\/div>\n\t\t\t\t<div class=\"elementor-element elementor-element-28c42ac elementor-widget elementor-widget-text-editor\" data-id=\"28c42ac\" data-element_type=\"widget\" data-e-type=\"widget\" data-widget_type=\"text-editor.default\">\n\t\t\t\t<div class=\"elementor-widget-container\">\n\t\t\t\t\t\t\t\t\t<ul>\n<li>Natural materials: the Continental beds and mattresses are made from purely natural materials that are environmentally friendly and promote healthy sleep.<\/li>\n<li>Luxurious comfort: Thanks to the combination of a solid frame, a flexible system and a soft mattress, you&#8217;ll feel like you&#8217;re on a cloud and wake up in the morning feeling energised.<\/li>\n<li>Healthy sleep: Johann Malle&#8217;s natural mattresses promote the correct body position during sleep, which prevents back and joint pain and improves sleep quality.<\/li>\n<li>Exclusive design: Johann Malle continental beds are designed to become an elegant addition to your bedroom and add a touch of flair.<\/li>\n<li>Unique opportunity: now you have the chance to buy these luxury products at half price! Don&#8217;t wait and get the joy of quality sleep today!<\/li>\n<\/ul>\n\t\t\t\t\t\t\t\t<\/div>\n\t\t\t\t<\/div>\n\t\t\t\t<div data-dce-background-color=\"#A28B65\" class=\"elementor-element elementor-element-eebcc17 custom-btn elementor-widget elementor-widget-button\" data-id=\"eebcc17\" data-element_type=\"widget\" data-e-type=\"widget\" data-widget_type=\"button.default\">\n\t\t\t\t<div class=\"elementor-widget-container\">\n\t\t\t\t\t\t\t\t\t<div class=\"elementor-button-wrapper\">\n\t\t\t\t\t<a class=\"elementor-button elementor-button-link elementor-size-md\" href=\"#elementor-action%3Aaction%3Dpopup%3Aopen%26settings%3DeyJpZCI6NTUxMSwidG9nZ2xlIjpmYWxzZX0%3D\">\n\t\t\t\t\t\t<span class=\"elementor-button-content-wrapper\">\n\t\t\t\t\t\t\t\t\t<span class=\"elementor-button-text\">I AM INTERESTED IN THE OFFER -50%<\/span>\n\t\t\t\t\t<\/span>\n\t\t\t\t\t<\/a>\n\t\t\t\t<\/div>\n\t\t\t\t\t\t\t\t<\/div>\n\t\t\t\t<\/div>\n\t\t\t\t<\/div>\n\t\t\t\t\t<\/div>\n\t\t\t\t<\/div>\n\t\t<div class=\"elementor-element elementor-element-207852e e-flex e-con-boxed e-con e-parent\" data-id=\"207852e\" data-element_type=\"container\" data-e-type=\"container\">\n\t\t\t\t\t<div class=\"e-con-inner\">\n\t\t<div class=\"elementor-element elementor-element-513e870 e-flex e-con-boxed e-con e-parent\" data-id=\"513e870\" data-element_type=\"container\" data-e-type=\"container\">\n\t\t\t\t\t<div class=\"e-con-inner\">\n\t\t\t\t<div data-dce-text-color=\"#000000\" class=\"elementor-element elementor-element-aa54561 elementor-widget elementor-widget-text-editor\" data-id=\"aa54561\" data-element_type=\"widget\" data-e-type=\"widget\" data-widget_type=\"text-editor.default\">\n\t\t\t\t<div class=\"elementor-widget-container\">\n\t\t\t\t\t\t\t\t\t<p>Now you have a unique opportunity to buy the products on display at a price reduced by 50%! Let yourself be carried away into a world of luxury, comfort and healthy sleep with our products.<\/p>\n\t\t\t\t\t\t\t\t<\/div>\n\t\t\t\t<\/div>\n\t\t\t\t\t<\/div>\n\t\t\t\t<\/div>\n\t\t\t\t\t<\/div>\n\t\t\t\t<\/div>\n\t\t\t\t<\/div>\n\t\t","protected":false},"excerpt":{"rendered":"<p>\u00favod AUTUMN EXCHANGE OF SHOWROOM BEDS AND MATTRESSES &#8211; 50% Now you have a unique opportunity to buy exhibited products at a 50% price reduction! Feel free to contact us and choose your new Johann Malle continental bed and natural mattress at an incredible price. Let yourself be carried away into a world of luxury, [&hellip;]<\/p>\n","protected":false},"author":1,"featured_media":0,"parent":0,"menu_order":0,"comment_status":"closed","ping_status":"closed","template":"","meta":{"_acf_changed":false,"footnotes":""},"class_list":["post-5909","page","type-page","status-publish","hentry"],"acf":[],"_links":{"self":[{"href":"https:\/\/johann.two.testovaciverze.cz\/en\/wp-json\/wp\/v2\/pages\/5909","targetHints":{"allow":["GET"]}}],"collection":[{"href":"https:\/\/johann.two.testovaciverze.cz\/en\/wp-json\/wp\/v2\/pages"}],"about":[{"href":"https:\/\/johann.two.testovaciverze.cz\/en\/wp-json\/wp\/v2\/types\/page"}],"author":[{"embeddable":true,"href":"https:\/\/johann.two.testovaciverze.cz\/en\/wp-json\/wp\/v2\/users\/1"}],"replies":[{"embeddable":true,"href":"https:\/\/johann.two.testovaciverze.cz\/en\/wp-json\/wp\/v2\/comments?post=5909"}],"version-history":[{"count":7,"href":"https:\/\/johann.two.testovaciverze.cz\/en\/wp-json\/wp\/v2\/pages\/5909\/revisions"}],"predecessor-version":[{"id":5970,"href":"https:\/\/johann.two.testovaciverze.cz\/en\/wp-json\/wp\/v2\/pages\/5909\/revisions\/5970"}],"wp:attachment":[{"href":"https:\/\/johann.two.testovaciverze.cz\/en\/wp-json\/wp\/v2\/media?parent=5909"}],"curies":[{"name":"wp","href":"https:\/\/api.w.org\/{rel}","templated":true}]}}